{"id":1554,"date":"2025-01-08T20:30:40","date_gmt":"2025-01-08T13:30:40","guid":{"rendered":"https:\/\/www.nambinhad.com\/plaseshow\/?page_id=1554"},"modified":"2025-06-10T12:49:56","modified_gmt":"2025-06-10T05:49:56","slug":"lien-he","status":"publish","type":"page","link":"https:\/\/www.nambinhad.com\/plaseshow\/vi\/lien-he\/","title":{"rendered":"Li\u00ean h\u1ec7"},"content":{"rendered":"<p><strong>C\u00d4NG TY TNHH QU\u1ea2NG C\u00c1O NAM B\u00ccNH<\/strong><\/p>\n<p><span>\u0110\u1ecba ch\u1ec9: 318\/162 Ph\u1ea1m V\u0103n Hai, Ph\u01b0\u1eddng 5, Qu\u1eadn T\u00e2n B\u00ecnh, Tp. H\u1ed3 Ch\u00ed Minh<\/span><br \/>\n<span>VPGD: 43\/8\/3 C\u1ea7u X\u00e9o, T\u00e2n Qu\u00fd, Qu\u1eadn T\u00e2n Ph\u00fa, Tp. H\u1ed3 Ch\u00ed Minh<\/span><br \/>\nHotline: 0903298701<br \/>\nEmail: nhuquynh@nambinhad.com<br \/>\nWebsite: plase.com.vn<\/p>\n<p>G\u1eecI LI\u00caN H\u1ec6 V\u1edaI CH\u00daNG T\u00d4I<br \/>\nVui l\u00f2ng \u0111i\u1ec1n th\u00f4ng tin v\u00e0o bi\u1ec3u m\u1eabu b\u00ean d\u01b0\u1edbi *<\/p>\n<div class=\"wpforms-container wpforms-container-full\" id=\"wpforms-990\"><form id=\"wpforms-form-990\" class=\"wpforms-validate wpforms-form\" data-formid=\"990\" method=\"post\" enctype=\"multipart\/form-data\" action=\"\/plaseshow\/wp-json\/wp\/v2\/pages\/1554\" data-token=\"46a3bd34bb4bce5ddbe3fd6ca7e4da98\" data-token-time=\"1777436988\"><noscript class=\"wpforms-error-noscript\">Please enable JavaScript in your browser to complete this form.<\/noscript><div class=\"wpforms-field-container\"><div id=\"wpforms-990-field_0-container\" class=\"wpforms-field wpforms-field-name wpforms-one-half wpforms-first\" data-field-id=\"0\"><label class=\"wpforms-field-label wpforms-label-hide\" for=\"wpforms-990-field_0\">Name <span class=\"wpforms-required-label\">*<\/span><\/label><input type=\"text\" id=\"wpforms-990-field_0\" class=\"wpforms-field-large wpforms-field-required\" name=\"wpforms[fields][0]\" placeholder=\"Your Name\" required><\/div><div id=\"wpforms-990-field_3-container\" class=\"wpforms-field wpforms-field-email wpforms-one-half\" data-field-id=\"3\"><label class=\"wpforms-field-label wpforms-label-hide\" for=\"wpforms-990-field_3\">Email <span class=\"wpforms-required-label\">*<\/span><\/label><input type=\"email\" id=\"wpforms-990-field_3\" class=\"wpforms-field-large wpforms-field-required\" name=\"wpforms[fields][3]\" placeholder=\"Your Email\" spellcheck=\"false\" required><\/div><div id=\"wpforms-990-field_4-container\" class=\"wpforms-field wpforms-field-text\" data-field-id=\"4\"><label class=\"wpforms-field-label wpforms-label-hide\" for=\"wpforms-990-field_4\">Subject<\/label><input type=\"text\" id=\"wpforms-990-field_4\" class=\"wpforms-field-large\" name=\"wpforms[fields][4]\" placeholder=\"Subject\" ><\/div><div id=\"wpforms-990-field_2-container\" class=\"wpforms-field wpforms-field-textarea\" data-field-id=\"2\"><label class=\"wpforms-field-label wpforms-label-hide\" for=\"wpforms-990-field_2\">Message <span class=\"wpforms-required-label\">*<\/span><\/label><textarea id=\"wpforms-990-field_2\" class=\"wpforms-field-medium wpforms-field-required\" name=\"wpforms[fields][2]\" placeholder=\"Your Message\" required><\/textarea><\/div><\/div><!-- .wpforms-field-container --><div class=\"wpforms-submit-container\" ><input type=\"hidden\" name=\"wpforms[id]\" value=\"990\"><input type=\"hidden\" name=\"page_title\" value=\"\"><input type=\"hidden\" name=\"page_url\" value=\"https:\/\/www.nambinhad.com\/plaseshow\/wp-json\/wp\/v2\/pages\/1554\"><input type=\"hidden\" name=\"url_referer\" value=\"\"><button type=\"submit\" name=\"wpforms[submit]\" id=\"wpforms-submit-990\" class=\"wpforms-submit\" data-alt-text=\"Sending...\" data-submit-text=\"Send message\" aria-live=\"assertive\" value=\"wpforms-submit\">Send message<\/button><\/div><\/form><\/div>  <!-- .wpforms-container -->\n","protected":false},"excerpt":{"rendered":"<p>C\u00d4NG TY TNHH QU\u1ea2NG C\u00c1O NAM B\u00ccNH \u0110\u1ecba ch\u1ec9: 318\/162 Ph\u1ea1m V\u0103n Hai, Ph\u01b0\u1eddng 5, Qu\u1eadn T\u00e2n B\u00ecnh, Tp. H\u1ed3 Ch\u00ed Minh VPGD: 43\/8\/3 C\u1ea7u X\u00e9o, T\u00e2n Qu\u00fd, Qu\u1eadn T\u00e2n Ph\u00fa, Tp. H\u1ed3 Ch\u00ed Minh Hotline: 0903298701 Email: nhuquynh@nambinhad.com Website: plase.com.vn G\u1eecI LI\u00caN H\u1ec6 V\u1edaI CH\u00daNG T\u00d4I Vui l\u00f2ng \u0111i\u1ec1n [&hellip;]<\/p>\n","protected":false},"author":1,"featured_media":0,"parent":0,"menu_order":0,"comment_status":"closed","ping_status":"closed","template":"","meta":{"_themeisle_gutenberg_block_has_review":false,"footnotes":""},"class_list":["post-1554","page","type-page","status-publish","hentry"],"_links":{"self":[{"href":"https:\/\/www.nambinhad.com\/plaseshow\/wp-json\/wp\/v2\/pages\/1554","targetHints":{"allow":["GET"]}}],"collection":[{"href":"https:\/\/www.nambinhad.com\/plaseshow\/wp-json\/wp\/v2\/pages"}],"about":[{"href":"https:\/\/www.nambinhad.com\/plaseshow\/wp-json\/wp\/v2\/types\/page"}],"author":[{"embeddable":true,"href":"https:\/\/www.nambinhad.com\/plaseshow\/wp-json\/wp\/v2\/users\/1"}],"replies":[{"embeddable":true,"href":"https:\/\/www.nambinhad.com\/plaseshow\/wp-json\/wp\/v2\/comments?post=1554"}],"version-history":[{"count":4,"href":"https:\/\/www.nambinhad.com\/plaseshow\/wp-json\/wp\/v2\/pages\/1554\/revisions"}],"predecessor-version":[{"id":2301,"href":"https:\/\/www.nambinhad.com\/plaseshow\/wp-json\/wp\/v2\/pages\/1554\/revisions\/2301"}],"wp:attachment":[{"href":"https:\/\/www.nambinhad.com\/plaseshow\/wp-json\/wp\/v2\/media?parent=1554"}],"curies":[{"name":"wp","href":"https:\/\/api.w.org\/{rel}","templated":true}]}}