{"id":1534,"date":"2025-01-08T19:58:18","date_gmt":"2025-01-08T12:58:18","guid":{"rendered":"https:\/\/www.nambinhad.com\/plaseshow\/home-tieng-viet\/"},"modified":"2025-07-25T16:49:40","modified_gmt":"2025-07-25T09:49:40","slug":"trang-chu","status":"publish","type":"page","link":"https:\/\/www.nambinhad.com\/plaseshow\/vi\/trang-chu\/","title":{"rendered":"Trang ch\u1ee7"},"content":{"rendered":"\r\n<div class=\"wp-block-cover alignfull has-white-background-color has-background-dim hestia-clear-top-padding\">\r\n<div class=\"wp-block-cover__inner-container is-layout-flow wp-block-cover-is-layout-flow\">\r\n<h2 class=\"has-text-align-center has-text-color wp-block-heading\" style=\"color: #3c4858;\">T\u1ed4NG QUAN KAP SHOW | PLASE SHOW<\/h2>\r\n<p>&nbsp;<\/p>\r\n\r\n\r\n\r\n\r\n\r\n<div class=\"wp-block-columns container is-layout-flex wp-container-core-columns-is-layout-28f84493 wp-block-columns-is-layout-flex\">\r\n<div class=\"wp-block-column is-layout-flow wp-block-column-is-layout-flow\">\r\n<div class=\"wp-block-image\">\r\n<figure class=\"aligncenter size-large\"><img decoding=\"async\" src=\"https:\/\/www.nambinhad.com\/plaseshow\/wp-content\/themes\/hestia\/assets\/img\/feat1.png\" alt=\"\" class=\"wp-image-70\" \/><\/figure>\r\n<\/div>\r\n\r\n\r\n\r\n<h5 class=\"has-text-align-center has-text-color wp-block-heading\" style=\"color: #3c4858; font-size: 18px;\">10.000+ l\u01b0\u1ee3t kh\u00e1ch tham quan<\/h5>\r\n\r\n\r\n\r\n<p class=\"has-text-align-center has-text-color\" style=\"color: #999999; font-size: 14px;\">B\u1ea7u show, kinh doanh gi\u1ea3i tr\u00ed, t\u1ea5t c\u1ea3 c\u00e1c qu\u00e1n karaoke, qu\u00e1n bar, ng\u01b0\u1eddi c\u00f3 thu nh\u1eadp cao, nh\u00e0 h\u00e0ng, ph\u00f2ng thu \u00e2m, nhi\u1ebfp \u1ea3nh, qu\u00e1n r\u01b0\u1ee3u, t\u1ed5 ch\u1ee9c, c\u01a1 quan ch\u00ednh ph\u1ee7, b\u1ec7nh vi\u1ec7n, tr\u01b0\u1eddng h\u1ecdc, cao \u0111\u1eb3ng \u0111\u1ea1i h\u1ecdc, kh\u00e1ch s\u1ea1n, cho thu\u00ea, b\u00e1n l\u1ebb&#8230;<\/p>\r\n\r\n\r\n\r\n<div style=\"height: 25px;\" aria-hidden=\"true\" class=\"wp-block-spacer\"><\/div>\r\n<\/div>\r\n\r\n\r\n\r\n<div class=\"wp-block-column is-layout-flow wp-block-column-is-layout-flow\">\r\n<div class=\"wp-block-image\">\r\n<figure class=\"aligncenter size-large\"><img decoding=\"async\" src=\"https:\/\/www.nambinhad.com\/plaseshow\/wp-content\/themes\/hestia\/assets\/img\/feat2.png\" alt=\"\" class=\"wp-image-71\" \/><\/figure>\r\n<\/div>\r\n\r\n\r\n\r\n<h5 class=\"has-text-align-center has-text-color wp-block-heading\" style=\"color: #3c4858; font-size: 18px;\">V\u1ecb tr\u00ed \u0111\u1eafc \u0111\u1ecba<\/h5>\r\n\r\n\r\n\r\n<p class=\"has-text-align-center has-text-color\" style=\"color: #999999; font-size: 14px;\">NCC \u2013 Trung t\u00e2m H\u1ed9i Ngh\u1ecb Qu\u1ed1c Gia &#8211; m\u1ed9t trong nh\u1eefng \u0111\u1ecba \u0111i\u1ec3m tri\u1ec3n l\u00e3m quy m\u00f4 v\u00e0 uy t\u00edn nh\u1ea5t Vi\u1ec7t Nam. T\u1ecda l\u1ea1c tr\u00ean tr\u1ee5c \u0111\u01b0\u1eddng qu\u1ed1c l\u1ed9 v\u1edbi nh\u1eefng khu d\u00e2n c\u01b0 \u0111\u00f4ng \u0111\u00fac v\u00e0 c\u00e1c t\u00f2a nh\u00e0 v\u0103n ph\u00f2ng sang tr\u1ecdng.<\/p>\r\n\r\n\r\n\r\n<div style=\"height: 25px;\" aria-hidden=\"true\" class=\"wp-block-spacer\"><\/div>\r\n<\/div>\r\n\r\n\r\n\r\n<div class=\"wp-block-column is-layout-flow wp-block-column-is-layout-flow\">\r\n<div class=\"wp-block-image\">\r\n<figure class=\"aligncenter size-large\"><img decoding=\"async\" src=\"https:\/\/www.nambinhad.com\/plaseshow\/wp-content\/themes\/hestia\/assets\/img\/feat3.png\" alt=\"\" class=\"wp-image-72\" \/><\/figure>\r\n<\/div>\r\n\r\n\r\n\r\n<h5 class=\"has-text-align-center has-text-color wp-block-heading\" style=\"color: #3c4858; font-size: 18px;\">10+ N\u0103m kinh nghi\u1ec7m<\/h5>\r\n\r\n\r\n\r\n<p class=\"has-text-align-center has-text-color\" style=\"color: #999999; font-size: 14px;\">\u0110\u01a1n v\u1ecb t\u1ed5 ch\u1ee9c KAP SHOW &#8211; PLASE SHOW v\u1edbi 10 n\u0103m kinh nghi\u1ec7m trong t\u1ed5 ch\u1ee9c tri\u1ec3n l\u00e3m chuy\u00ean ng\u00e0nh, cam k\u1ebft mang \u0111\u1ebfn nh\u1eefng d\u1ecbch v\u1ee5 t\u1ed1t nh\u1ea5t cho kh\u00e1ch h\u00e0ng c\u0169ng nh\u01b0 kh\u00e1ch tham quan.<\/p>\r\n\r\n\r\n\r\n<div style=\"height: 25px;\" aria-hidden=\"true\" class=\"wp-block-spacer\"><\/div>\r\n<\/div>\r\n<\/div>\r\n\r\n\r\n\r\n<div style=\"height: 40px;\" aria-hidden=\"true\" class=\"wp-block-spacer\"><\/div>\r\n<\/div>\r\n<\/div>\r\n\r\n\r\n\r\n<div class=\"wp-block-columns container is-layout-flex wp-container-core-columns-is-layout-28f84493 wp-block-columns-is-layout-flex\">\r\n<div class=\"wp-block-column col-md-5 is-layout-flow wp-block-column-is-layout-flow\">\r\n<div style=\"height: 55px;\" aria-hidden=\"true\" class=\"wp-block-spacer\"><\/div>\r\n\r\n\r\n\r\n<h2 class=\"wp-block-heading\">100+ th\u01b0\u01a1ng hi\u1ec7u g\u00f3p m\u1eb7t<\/h2>\r\n\r\n\r\n\r\n<p>V\u00e0 \u0111\u01a1n v\u1ecb tri\u1ec3n l\u00e3m tr\u00ean to\u00e0n th\u1ebf gi\u1edbi tham gia t\u1ea1i m\u1ed7i tri\u1ec3n l\u00e3m; KAP show hay PLASE SHOW, l\u00e0 tri\u1ec3n l\u00e3m chuy\u00ean ng\u00e0nh \u0111\u1ea7u ti\u00ean v\u1ec1 s\u00e2n kh\u1ea5u \u00e2m thanh chuy\u00ean nghi\u1ec7p, nh\u1ea1c c\u1ee5, karaoke t\u1ea1i Vi\u1ec7t Nam.<\/p>\r\n<p>H\u00e3y c\u00f9ng xem nh\u00e9!<\/p>\r\n<\/div>\r\n\r\n\r\n\r\n<div class=\"wp-block-column col-md-6 col-md-offset1 is-layout-flow wp-block-column-is-layout-flow\">\r\n<div style=\"height: 55px;\" aria-hidden=\"true\" class=\"wp-block-spacer\"><\/div>\r\n\r\n\r\n\r\n<figure class=\"wp-block-image size-large\"><img decoding=\"async\" src=\"https:\/\/www.nambinhad.com\/plaseshow\/wp-content\/themes\/hestia\/assets\/img\/about-content.png\" alt=\"\" class=\"wp-image-81\" \/><\/figure>\r\n\r\n\r\n\r\n<p>&nbsp;<\/p>\r\n<\/div>\r\n<\/div>\r\n","protected":false},"excerpt":{"rendered":"","protected":false},"author":1,"featured_media":525,"parent":0,"menu_order":0,"comment_status":"closed","ping_status":"closed","template":"","meta":{"_themeisle_gutenberg_block_has_review":false,"footnotes":""},"class_list":["post-1534","page","type-page","status-publish","has-post-thumbnail","hentry"],"_links":{"self":[{"href":"https:\/\/www.nambinhad.com\/plaseshow\/wp-json\/wp\/v2\/pages\/1534","targetHints":{"allow":["GET"]}}],"collection":[{"href":"https:\/\/www.nambinhad.com\/plaseshow\/wp-json\/wp\/v2\/pages"}],"about":[{"href":"https:\/\/www.nambinhad.com\/plaseshow\/wp-json\/wp\/v2\/types\/page"}],"author":[{"embeddable":true,"href":"https:\/\/www.nambinhad.com\/plaseshow\/wp-json\/wp\/v2\/users\/1"}],"replies":[{"embeddable":true,"href":"https:\/\/www.nambinhad.com\/plaseshow\/wp-json\/wp\/v2\/comments?post=1534"}],"version-history":[{"count":10,"href":"https:\/\/www.nambinhad.com\/plaseshow\/wp-json\/wp\/v2\/pages\/1534\/revisions"}],"predecessor-version":[{"id":2547,"href":"https:\/\/www.nambinhad.com\/plaseshow\/wp-json\/wp\/v2\/pages\/1534\/revisions\/2547"}],"wp:featuredmedia":[{"embeddable":true,"href":"https:\/\/www.nambinhad.com\/plaseshow\/wp-json\/wp\/v2\/media\/525"}],"wp:attachment":[{"href":"https:\/\/www.nambinhad.com\/plaseshow\/wp-json\/wp\/v2\/media?parent=1534"}],"curies":[{"name":"wp","href":"https:\/\/api.w.org\/{rel}","templated":true}]}}